{"id":523,"date":"2018-07-10T08:09:45","date_gmt":"2018-07-10T08:09:45","guid":{"rendered":"https:\/\/www.centecequipmentsales.com\/contact-us\/"},"modified":"2024-10-24T20:11:40","modified_gmt":"2024-10-24T20:11:40","slug":"contactenos","status":"publish","type":"page","link":"https:\/\/www.centecequipmentsales.com\/es\/contactenos\/","title":{"rendered":"Cont\u00e1ctenos"},"content":{"rendered":"<div class=\"wpb-content-wrapper\"><div class=\"vc_row wpb_row vc_row-fluid radius vc_custom_1532458671222\"><div class=\"wpb_column vc_column_container vc_col-sm-12\"><div class=\"vc_column-inner\"><div class=\"wpb_wrapper\"><div class=\"vc_row wpb_row vc_inner vc_row-fluid vc_custom_1532459159577\"><div class=\"wpb_column vc_column_container vc_col-sm-12\"><div class=\"vc_column-inner\"><div class=\"wpb_wrapper\"><h2 style=\"color: #2a2e38;text-align: left\" class=\"vc_custom_heading vc_do_custom_heading\" >Cont\u00e1ctenos<\/h2><div class=\"vc_separator wpb_content_element vc_separator_align_center vc_sep_width_20 vc_sep_border_width_2 vc_sep_pos_align_left vc_separator_no_text wpb_content_element  wpb_content_element\" ><span class=\"vc_sep_holder vc_sep_holder_l\"><span style=\"border-color:#e30101;\" class=\"vc_sep_line\"><\/span><\/span><span class=\"vc_sep_holder vc_sep_holder_r\"><span style=\"border-color:#e30101;\" class=\"vc_sep_line\"><\/span><\/span>\n<\/div><\/div><\/div><\/div><\/div><div class=\"vc_row wpb_row vc_inner vc_row-fluid vc_custom_1532459256960 vc_column-gap-35 vc_row-o-equal-height vc_row-o-content-top vc_row-flex\"><div class=\"wpb_column vc_column_container vc_col-sm-6\"><div class=\"vc_column-inner\"><div class=\"wpb_wrapper\">\n\t<div class=\"wpb_text_column wpb_content_element\" >\n\t\t<div class=\"wpb_wrapper\">\n\t\t\t\n<div class=\"wpcf7 no-js\" id=\"wpcf7-f245-o1\" lang=\"en-US\" dir=\"ltr\">\n<div class=\"screen-reader-response\"><p role=\"status\" aria-live=\"polite\" aria-atomic=\"true\"><\/p> <ul><\/ul><\/div>\n<form action=\"\/es\/wp-json\/wp\/v2\/pages\/523#wpcf7-f245-o1\" method=\"post\" class=\"wpcf7-form init jqTransform\" aria-label=\"Contact form\" novalidate=\"novalidate\" data-status=\"init\">\n<div style=\"display: none;\">\n<input type=\"hidden\" name=\"_wpcf7\" value=\"245\" \/>\n<input type=\"hidden\" name=\"_wpcf7_version\" value=\"5.9.3\" \/>\n<input type=\"hidden\" name=\"_wpcf7_locale\" value=\"en_US\" \/>\n<input type=\"hidden\" name=\"_wpcf7_unit_tag\" value=\"wpcf7-f245-o1\" \/>\n<input type=\"hidden\" name=\"_wpcf7_container_post\" value=\"0\" \/>\n<input type=\"hidden\" name=\"_wpcf7_posted_data_hash\" value=\"\" \/>\n<input type=\"hidden\" name=\"_wpcf7_recaptcha_response\" value=\"\" \/>\n<\/div>\n<div class=\"form-col\">\n\t<p><label><i><img decoding=\"async\" src=\"https:\/\/www.centecequipmentsales.com\/wp-content\/themes\/centec-child\/assets\/images\/title-icon.png\" alt=\"\" \/><\/i>Tu t\u00edtulo<\/label>\n\t<\/p>\n\t<div class=\"radio-row\">\n\t\t<p><span class=\"wpcf7-form-control-wrap\" data-name=\"radio-question\"><span class=\"wpcf7-form-control wpcf7-radio\"><span class=\"wpcf7-list-item first\"><input type=\"radio\" name=\"radio-question\" value=\"Mrs.\" checked=\"checked\" \/><span class=\"wpcf7-list-item-label\">Mrs.<\/span><\/span><span class=\"wpcf7-list-item\"><input type=\"radio\" name=\"radio-question\" value=\"Mr.\" \/><span class=\"wpcf7-list-item-label\">Mr.<\/span><\/span><span class=\"wpcf7-list-item last\"><input type=\"radio\" name=\"radio-question\" value=\"Company\" \/><span class=\"wpcf7-list-item-label\">Company<\/span><\/span><\/span><\/span>\n\t\t<\/p>\n\t<\/div>\n<\/div>\n<div class=\"form-col\">\n\t<p><label><i><img decoding=\"async\" src=\"https:\/\/www.centecequipmentsales.com\/wp-content\/themes\/centec-child\/assets\/images\/name-icon.png\" alt=\"\" \/><\/i>Tu nombre<\/label><span class=\"wpcf7-form-control-wrap\" data-name=\"your-name\"><input size=\"40\" class=\"wpcf7-form-control wpcf7-text wpcf7-validates-as-required\" aria-required=\"true\" aria-invalid=\"false\" placeholder=\"Tu nombre\" value=\"\" type=\"text\" name=\"your-name\" \/><\/span>\n\t<\/p>\n<\/div>\n<div class=\"form-col\">\n\t<p><label><i><img decoding=\"async\" src=\"https:\/\/www.centecequipmentsales.com\/wp-content\/themes\/centec-child\/assets\/images\/email-icon.png\" alt=\"\" \/><\/i>Tu correo electr\u00f3nico<\/label><span class=\"wpcf7-form-control-wrap\" data-name=\"your-email\"><input size=\"40\" class=\"wpcf7-form-control wpcf7-email wpcf7-validates-as-required wpcf7-text wpcf7-validates-as-email\" aria-required=\"true\" aria-invalid=\"false\" placeholder=\"Tu correo electr\u00f3nico\" value=\"\" type=\"email\" name=\"your-email\" \/><\/span>\n\t<\/p>\n<\/div>\n<div class=\"form-col\">\n\t<p><label><i><img decoding=\"async\" src=\"https:\/\/www.centecequipmentsales.com\/wp-content\/themes\/centec-child\/assets\/images\/message-icon.png\" alt=\"\" \/><\/i>Tu mensaje<\/label><span class=\"wpcf7-form-control-wrap\" data-name=\"your-message\"><textarea cols=\"40\" rows=\"10\" class=\"wpcf7-form-control wpcf7-textarea\" aria-invalid=\"false\" placeholder=\"Por favor d\u00edganos en qu\u00e9 equipo est\u00e1 interesado: incluya el Stock #\" name=\"your-message\"><\/textarea><\/span>\n\t<\/p>\n<\/div>\n<div class=\"form-col\">\n\t<p><input class=\"wpcf7-form-control wpcf7-submit has-spinner\" type=\"submit\" value=\"Enviar consulta\" \/>\n\t<\/p>\n<\/div><div class=\"wpcf7-response-output\" aria-hidden=\"true\"><\/div>\n<\/form>\n<\/div>\n\n\n\t\t<\/div>\n\t<\/div>\n<\/div><\/div><\/div><div class=\"wpb_column vc_column_container vc_col-sm-6\"><div class=\"vc_column-inner vc_custom_1532459272924\"><div class=\"wpb_wrapper\">\n\t<div class=\"wpb_text_column wpb_content_element bigger_font\" >\n\t\t<div class=\"wpb_wrapper\">\n\t\t\t<p style=\"text-align: center;\"><strong>Equipo Centec<\/strong><br \/>\nPO Box 827<br \/>\nTallevast, FL. 34270<br \/>\nEstados Unidos<\/p>\n<p style=\"text-align: center;\"><strong>Email:<\/strong><br \/>\n<a href=\"mailto:sales@centecequipmentsales.com\">Guerin@MyCentec.com<\/a><\/p>\n<p style=\"text-align: center;\"><strong>Horario de atenci\u00f3n:<\/strong><br \/>\nS\u00f3lo con cita previa<\/p>\n\n\t\t<\/div>\n\t<\/div>\n<\/div><\/div><\/div><\/div><\/div><\/div><\/div><\/div>\n<\/div>","protected":false},"excerpt":{"rendered":"Cont\u00e1ctenos Tu t\u00edtulo Mrs.Mr.Company Tu nombre Tu correo electr\u00f3nico Tu mensaje Equipo Centec PO Box 827 Tallevast, FL. 34270 Estados Unidos Email: Guerin@MyCentec.com Horario de atenci\u00f3n: S\u00f3lo con cita previa","protected":false},"author":1,"featured_media":0,"parent":0,"menu_order":0,"comment_status":"closed","ping_status":"closed","template":"","meta":{"footnotes":""},"_links":{"self":[{"href":"https:\/\/www.centecequipmentsales.com\/es\/wp-json\/wp\/v2\/pages\/523"}],"collection":[{"href":"https:\/\/www.centecequipmentsales.com\/es\/wp-json\/wp\/v2\/pages"}],"about":[{"href":"https:\/\/www.centecequipmentsales.com\/es\/wp-json\/wp\/v2\/types\/page"}],"author":[{"embeddable":true,"href":"https:\/\/www.centecequipmentsales.com\/es\/wp-json\/wp\/v2\/users\/1"}],"replies":[{"embeddable":true,"href":"https:\/\/www.centecequipmentsales.com\/es\/wp-json\/wp\/v2\/comments?post=523"}],"version-history":[{"count":6,"href":"https:\/\/www.centecequipmentsales.com\/es\/wp-json\/wp\/v2\/pages\/523\/revisions"}],"predecessor-version":[{"id":20213,"href":"https:\/\/www.centecequipmentsales.com\/es\/wp-json\/wp\/v2\/pages\/523\/revisions\/20213"}],"wp:attachment":[{"href":"https:\/\/www.centecequipmentsales.com\/es\/wp-json\/wp\/v2\/media?parent=523"}],"curies":[{"name":"wp","href":"https:\/\/api.w.org\/{rel}","templated":true}]}}