{"id":384,"date":"2018-07-10T08:09:28","date_gmt":"2018-07-10T08:09:28","guid":{"rendered":"https:\/\/www.centecequipmentsales.com\/about-us\/"},"modified":"2018-07-24T18:23:49","modified_gmt":"2018-07-24T18:23:49","slug":"sobre-nosotros","status":"publish","type":"page","link":"https:\/\/www.centecequipmentsales.com\/es\/sobre-nosotros\/","title":{"rendered":"Sobre Nosotros"},"content":{"rendered":"<div class=\"wpb-content-wrapper\"><div class=\"vc_row wpb_row vc_row-fluid radius vc_custom_1532454298873\"><div class=\"wpb_column vc_column_container vc_col-sm-12\"><div class=\"vc_column-inner\"><div class=\"wpb_wrapper\"><div class=\"vc_row wpb_row vc_inner vc_row-fluid vc_row-o-equal-height vc_row-o-content-middle vc_row-flex\"><div class=\"wpb_column vc_column_container vc_col-sm-12 vc_col-lg-6 vc_col-md-7\"><div class=\"vc_column-inner\"><div class=\"wpb_wrapper\"><h2 style=\"color: #2a2e38;text-align: left\" class=\"vc_custom_heading vc_do_custom_heading\" >Sobre Nosotros<\/h2><div class=\"vc_separator wpb_content_element vc_separator_align_center vc_sep_width_20 vc_sep_border_width_2 vc_sep_pos_align_left vc_separator_no_text wpb_content_element  wpb_content_element\" ><span class=\"vc_sep_holder vc_sep_holder_l\"><span style=\"border-color:#e30101;\" class=\"vc_sep_line\"><\/span><\/span><span class=\"vc_sep_holder vc_sep_holder_r\"><span style=\"border-color:#e30101;\" class=\"vc_sep_line\"><\/span><\/span>\n<\/div>\n\t<div class=\"wpb_text_column wpb_content_element\" >\n\t\t<div class=\"wpb_wrapper\">\n\t\t\t<p>Centec Equipment Sales, LLC, es una organizaci\u00f3n con sede en Florida que re\u00fane a una combinaci\u00f3n de socios comerciales y empleados que tienen m\u00e1s de 30 a\u00f1os de experiencia en ventas de veh\u00edculos y equipos de utilidad tanto usados como nuevos.<\/p>\n<p>Ofrecemos solo el equipo usado de mejor calidad, que se compra principalmente a flotas retiradas de grandes empresas, como FPL, Duke Energy y Progress Energy, por nombrar algunas, para garantizar que las unidades que ofrecemos hayan tenido un buen mantenimiento en su \u00abvida anterior\u00bb.<\/p>\n<p>Todas nuestras compras proceden del sudeste de los Estados Unidos para minimizar efectivamente el da\u00f1o por oxidaci\u00f3n y sal, tan com\u00fan en los equipos del norte.<\/p>\n<p>Cada compra se inspecciona y procesa a trav\u00e9s de nuestro taller de carrocer\u00eda para lograr ese aspecto \u00abcomo nuevo\u00bb. Podemos incluso pintar su compra , si lo solicita, con colores personalizados.<\/p>\n<p>Nos especializamos en la restauraci\u00f3n de equipos de segunda mano de calidad, tales como camiones volquetes, excavadoras, brazos articulados, gr\u00faas peque\u00f1as, etc. Nuestro profesional y experto equipo pondr\u00e1 sus a\u00f1os de experiencia a su servicio para ayudarle a encontrar lo que mejor se ajuste a sus necesidades de equipamiento.<\/p>\n<p>No somos el nombre m\u00e1s grande o m\u00e1s antiguo en el negocio, pero trabajamos duro para asegurarnos de que el equipamiento que ofrecemos sea de primer nivel y est\u00e9 listo para funcionar.<\/p>\n\n\t\t<\/div>\n\t<\/div>\n<\/div><\/div><\/div><div class=\"wpb_column vc_column_container vc_col-sm-12 vc_col-lg-6 vc_col-md-5\"><div class=\"vc_column-inner\"><div class=\"wpb_wrapper\">\n\t<div  class=\"wpb_single_image wpb_content_element vc_align_center wpb_content_element\">\n\t\t\n\t\t<figure class=\"wpb_wrapper vc_figure\">\n\t\t\t<div class=\"vc_single_image-wrapper vc_box_outline  vc_box_border_grey\"><img loading=\"lazy\" decoding=\"async\" width=\"900\" height=\"600\" src=\"https:\/\/www.centecequipmentsales.com\/wp-content\/uploads\/2018\/07\/yellow-truck.jpg\" class=\"vc_single_image-img attachment-full\" alt=\"\" title=\"yellow truck\" srcset=\"https:\/\/www.centecequipmentsales.com\/wp-content\/uploads\/2018\/07\/yellow-truck.jpg 900w, https:\/\/www.centecequipmentsales.com\/wp-content\/uploads\/2018\/07\/yellow-truck-300x200.jpg 300w, https:\/\/www.centecequipmentsales.com\/wp-content\/uploads\/2018\/07\/yellow-truck-768x512.jpg 768w\" sizes=\"100vw\" \/><\/div>\n\t\t<\/figure>\n\t<\/div>\n<\/div><\/div><\/div><\/div>\n\t<div class=\"wpb_text_column wpb_content_element\" >\n\t\t<div class=\"wpb_wrapper\">\n\t\t\t<p style=\"text-align: center;\"><span style=\"color: #e30101;\"><strong>No dude en ponerse en contacto con nosotros en el\u00a0<\/strong><\/span> <a href=\"tel:(941) 225-7500\">(941) 225-7500<\/a> <span style=\"color: #e30101;\"><strong>o env\u00edenos un correo electr\u00f3nico a <\/strong><\/span> <a href=\"mailto:sales@centecequipmentsales.com.\">sales@centecequipmentsales.com.<\/a><\/p>\n\n\t\t<\/div>\n\t<\/div>\n<\/div><\/div><\/div><\/div>\n<\/div>","protected":false},"excerpt":{"rendered":"Sobre Nosotros Centec Equipment Sales, LLC, es una organizaci\u00f3n con sede en Florida que re\u00fane a una combinaci\u00f3n de socios comerciales y empleados que tienen m\u00e1s de 30 a\u00f1os de experiencia en ventas de veh\u00edculos y equipos de utilidad tanto usados como nuevos. Ofrecemos solo el equipo usado de mejor calidad, que se compra principalmente &hellip; <p class=\"link-more\"><a href=\"https:\/\/www.centecequipmentsales.com\/es\/sobre-nosotros\/\" class=\"more-link\">Continuar leyendo<span class=\"screen-reader-text\"> \"Sobre Nosotros\"<\/span><\/a><\/p>","protected":false},"author":1,"featured_media":0,"parent":0,"menu_order":0,"comment_status":"closed","ping_status":"closed","template":"","meta":{"footnotes":""},"_links":{"self":[{"href":"https:\/\/www.centecequipmentsales.com\/es\/wp-json\/wp\/v2\/pages\/384"}],"collection":[{"href":"https:\/\/www.centecequipmentsales.com\/es\/wp-json\/wp\/v2\/pages"}],"about":[{"href":"https:\/\/www.centecequipmentsales.com\/es\/wp-json\/wp\/v2\/types\/page"}],"author":[{"embeddable":true,"href":"https:\/\/www.centecequipmentsales.com\/es\/wp-json\/wp\/v2\/users\/1"}],"replies":[{"embeddable":true,"href":"https:\/\/www.centecequipmentsales.com\/es\/wp-json\/wp\/v2\/comments?post=384"}],"version-history":[{"count":2,"href":"https:\/\/www.centecequipmentsales.com\/es\/wp-json\/wp\/v2\/pages\/384\/revisions"}],"predecessor-version":[{"id":390,"href":"https:\/\/www.centecequipmentsales.com\/es\/wp-json\/wp\/v2\/pages\/384\/revisions\/390"}],"wp:attachment":[{"href":"https:\/\/www.centecequipmentsales.com\/es\/wp-json\/wp\/v2\/media?parent=384"}],"curies":[{"name":"wp","href":"https:\/\/api.w.org\/{rel}","templated":true}]}}